{"id":1284,"date":"2022-01-28T16:45:44","date_gmt":"2022-01-28T14:45:44","guid":{"rendered":"https:\/\/new.rjl-microanalytic.de\/?page_id=1284"},"modified":"2023-12-10T21:13:20","modified_gmt":"2023-12-10T20:13:20","slug":"haftungsauschluss","status":"publish","type":"page","link":"https:\/\/www.rjl-microanalytic.de\/en\/company\/haftungsauschluss\/","title":{"rendered":"Disclaimer"},"content":{"rendered":"<div data-elementor-type=\"wp-page\" data-elementor-id=\"1284\" class=\"elementor elementor-1284\" data-elementor-post-type=\"page\">\n\t\t\t\t\t\t<section class=\"elementor-section elementor-top-section elementor-element elementor-element-4641224d elementor-section-boxed elementor-section-height-default elementor-section-height-default\" data-id=\"4641224d\" data-element_type=\"section\" data-e-type=\"section\">\n\t\t\t\t\t\t<div class=\"elementor-container elementor-column-gap-default\">\n\t\t\t\t\t<div class=\"elementor-column elementor-col-100 elementor-top-column elementor-element elementor-element-7135b9f8\" data-id=\"7135b9f8\" data-element_type=\"column\" data-e-type=\"column\">\n\t\t\t<div class=\"elementor-widget-wrap elementor-element-populated\">\n\t\t\t\t\t\t<div class=\"elementor-element elementor-element-8e75ad8 elementor-widget elementor-widget-heading\" data-id=\"8e75ad8\" data-element_type=\"widget\" data-e-type=\"widget\" data-widget_type=\"heading.default\">\n\t\t\t\t<div class=\"elementor-widget-container\">\n\t\t\t\t\t<h1 class=\"elementor-heading-title elementor-size-default\">LEGAL DISCLAIMER<\/h1>\t\t\t\t<\/div>\n\t\t\t\t<\/div>\n\t\t\t\t<div class=\"elementor-element elementor-element-271b23e elementor-widget elementor-widget-text-editor\" data-id=\"271b23e\" data-element_type=\"widget\" data-e-type=\"widget\" data-widget_type=\"text-editor.default\">\n\t\t\t\t<div class=\"elementor-widget-container\">\n\t\t\t\t\t\t\t\t\t<h6><strong>1. Limitation of Liability for Internal Content<\/strong><\/h6>\nThe contents of the website were created with the greatest possible care and to the best of our knowledge. However, the provider of this website assumes no liability for the topicality, completeness and accuracy of the pages and content provided. As a service provider, the provider of this website is responsible for its own content and information provided on these pages in accordance with general laws in accordance with Section 7 Paragraph 1 TMG; However, according to Sections 8 to 10 TMG, we are not obliged to monitor the transmitted or stored third-party information. This content will be removed or blocked immediately upon becoming aware of a specific legal violation. Liability is only possible from the time we become aware of it.\n<h6><strong>2. Limitation of Liability for External Links<\/strong><\/h6>\nThe website contains so-called \u201cexternal links\u201d (links) to other websites over whose content the website provider has no influence. For this reason, the provider cannot assume any liability for this content. The respective provider of the linked website is responsible for the content and accuracy of the information provided. At the time of linking no infringements were recognizable. If such a legal violation becomes known, the link will be removed immediately.\n<h6><strong>3. Copyright<\/strong><\/h6>\nThe content and works published on this website are governed by the copyright laws of Germany. Any duplication, processing, distribution or any form of utilisation beyond the scope of copyright law shall require the prior written consent of the author or authors in question.\n<h6><strong>4. Data Protection<\/strong><\/h6>\nRead ours <a class=\"unterstrichen\" href=\"https:\/\/www.rjl-microanalytic.de\/en\/company\/datenschutzerklaerung\/\">Data Protection<\/a>.\t\t\t\t\t\t\t\t<\/div>\n\t\t\t\t<\/div>\n\t\t\t\t\t<\/div>\n\t\t<\/div>\n\t\t\t\t\t<\/div>\n\t\t<\/section>\n\t\t\t\t<\/div>","protected":false},"excerpt":{"rendered":"<p>HAFTUNGSAUSSCHLUSS 1. Haftungsbeschr\u00e4nkung Die Inhalte des Internetauftritts wurden mit gr\u00f6\u00dftm\u00f6glicher Sorgfalt und nach bestem Gewissen erstellt. Dennoch \u00fcbernimmt der Anbieter dieser Webseite keine Gew\u00e4hr f\u00fcr die Aktualit\u00e4t, Vollst\u00e4ndigkeit und Richtigkeit der bereitgestellten Seiten und Inhalte. Als Diensteanbieter ist der Anbieter dieser Webseite gem\u00e4\u00df \u00a7 7 Abs. 1 TMG f\u00fcr eigene Inhalte und bereitgestellte Informationen auf [&hellip;]<\/p>\n","protected":false},"author":1,"featured_media":0,"parent":1167,"menu_order":0,"comment_status":"closed","ping_status":"closed","template":"","meta":{"footnotes":""},"class_list":["post-1284","page","type-page","status-publish","hentry"],"aioseo_notices":[],"_links":{"self":[{"href":"https:\/\/www.rjl-microanalytic.de\/en\/wp-json\/wp\/v2\/pages\/1284","targetHints":{"allow":["GET"]}}],"collection":[{"href":"https:\/\/www.rjl-microanalytic.de\/en\/wp-json\/wp\/v2\/pages"}],"about":[{"href":"https:\/\/www.rjl-microanalytic.de\/en\/wp-json\/wp\/v2\/types\/page"}],"author":[{"embeddable":true,"href":"https:\/\/www.rjl-microanalytic.de\/en\/wp-json\/wp\/v2\/users\/1"}],"replies":[{"embeddable":true,"href":"https:\/\/www.rjl-microanalytic.de\/en\/wp-json\/wp\/v2\/comments?post=1284"}],"version-history":[{"count":20,"href":"https:\/\/www.rjl-microanalytic.de\/en\/wp-json\/wp\/v2\/pages\/1284\/revisions"}],"predecessor-version":[{"id":11826,"href":"https:\/\/www.rjl-microanalytic.de\/en\/wp-json\/wp\/v2\/pages\/1284\/revisions\/11826"}],"up":[{"embeddable":true,"href":"https:\/\/www.rjl-microanalytic.de\/en\/wp-json\/wp\/v2\/pages\/1167"}],"wp:attachment":[{"href":"https:\/\/www.rjl-microanalytic.de\/en\/wp-json\/wp\/v2\/media?parent=1284"}],"curies":[{"name":"wp","href":"https:\/\/api.w.org\/{rel}","templated":true}]}}