{"id":1311,"date":"2022-01-28T16:46:17","date_gmt":"2022-01-28T15:46:17","guid":{"rendered":"https:\/\/new.rjl-microanalytic.de\/?page_id=1311"},"modified":"2024-01-04T14:33:25","modified_gmt":"2024-01-04T13:33:25","slug":"standardisierte-analyse-der-bauteilsauberkeit","status":"publish","type":"page","link":"https:\/\/www.rjl-microanalytic.de\/en\/restschmutzanalyse-technische-sauberkeit-vda-19-iso-16232\/seminar-vda-19-iso-16232\/standardisierte-analyse-der-bauteilsauberkeit\/","title":{"rendered":"VDA-19 &amp; ISO-16232: Analysis of component cleanliness"},"content":{"rendered":"<div data-elementor-type=\"wp-page\" data-elementor-id=\"1311\" class=\"elementor elementor-1311\" data-elementor-post-type=\"page\">\n\t\t\t\t\t\t<section class=\"elementor-section elementor-top-section elementor-element elementor-element-10ceefe0 elementor-section-boxed elementor-section-height-default elementor-section-height-default\" data-id=\"10ceefe0\" data-element_type=\"section\" data-e-type=\"section\">\n\t\t\t\t\t\t<div class=\"elementor-container elementor-column-gap-default\">\n\t\t\t\t\t<div class=\"elementor-column elementor-col-100 elementor-top-column elementor-element elementor-element-690ec259\" data-id=\"690ec259\" data-element_type=\"column\" data-e-type=\"column\">\n\t\t\t<div class=\"elementor-widget-wrap elementor-element-populated\">\n\t\t\t\t\t\t<div class=\"elementor-element elementor-element-61de8411 elementor-widget elementor-widget-heading\" data-id=\"61de8411\" data-element_type=\"widget\" data-e-type=\"widget\" data-widget_type=\"heading.default\">\n\t\t\t\t<div class=\"elementor-widget-container\">\n\t\t\t\t\t<h1 class=\"elementor-heading-title elementor-size-default\">ONLINE BASIC COURSE<\/h1>\t\t\t\t<\/div>\n\t\t\t\t<\/div>\n\t\t\t\t<div class=\"elementor-element elementor-element-25ac662b elementor-widget elementor-widget-heading\" data-id=\"25ac662b\" data-element_type=\"widget\" data-e-type=\"widget\" data-widget_type=\"heading.default\">\n\t\t\t\t<div class=\"elementor-widget-container\">\n\t\t\t\t\t<h2 class=\"elementor-heading-title elementor-size-default\">Cleanliness analysis according to VDA 19.1 &amp; ISO-16232<\/h2>\t\t\t\t<\/div>\n\t\t\t\t<\/div>\n\t\t\t\t\t<\/div>\n\t\t<\/div>\n\t\t\t\t\t<\/div>\n\t\t<\/section>\n\t\t\t\t<section class=\"elementor-section elementor-top-section elementor-element elementor-element-5b17866e elementor-section-boxed elementor-section-height-default elementor-section-height-default\" data-id=\"5b17866e\" data-element_type=\"section\" data-e-type=\"section\">\n\t\t\t\t\t\t<div class=\"elementor-container elementor-column-gap-default\">\n\t\t\t\t\t<div class=\"elementor-column elementor-col-50 elementor-top-column elementor-element elementor-element-2022e265\" data-id=\"2022e265\" data-element_type=\"column\" data-e-type=\"column\" data-settings=\"{&quot;background_background&quot;:&quot;classic&quot;}\">\n\t\t\t<div class=\"elementor-widget-wrap elementor-element-populated\">\n\t\t\t\t\t\t<div class=\"elementor-element elementor-element-39c552c elementor-widget elementor-widget-heading\" data-id=\"39c552c\" data-element_type=\"widget\" data-e-type=\"widget\" data-widget_type=\"heading.default\">\n\t\t\t\t<div class=\"elementor-widget-container\">\n\t\t\t\t\t<h3 class=\"elementor-heading-title elementor-size-default\">Part 1<\/h3>\t\t\t\t<\/div>\n\t\t\t\t<\/div>\n\t\t\t\t<div class=\"elementor-element elementor-element-69736cee elementor-widget elementor-widget-heading\" data-id=\"69736cee\" data-element_type=\"widget\" data-e-type=\"widget\" data-widget_type=\"heading.default\">\n\t\t\t\t<div class=\"elementor-widget-container\">\n\t\t\t\t\t<h2 class=\"elementor-heading-title elementor-size-default\">Standardized Analysis of Component Cleanliness<\/h2>\t\t\t\t<\/div>\n\t\t\t\t<\/div>\n\t\t\t\t<div class=\"elementor-element elementor-element-b929c8e elementor-widget-divider--view-line elementor-widget elementor-widget-divider\" data-id=\"b929c8e\" data-element_type=\"widget\" data-e-type=\"widget\" data-widget_type=\"divider.default\">\n\t\t\t\t<div class=\"elementor-widget-container\">\n\t\t\t\t\t\t\t<div class=\"elementor-divider\">\n\t\t\t<span class=\"elementor-divider-separator\">\n\t\t\t\t\t\t<\/span>\n\t\t<\/div>\n\t\t\t\t\t\t<\/div>\n\t\t\t\t<\/div>\n\t\t\t\t<div class=\"elementor-element elementor-element-53266545 elementor-widget elementor-widget-text-editor\" data-id=\"53266545\" data-element_type=\"widget\" data-e-type=\"widget\" data-widget_type=\"text-editor.default\">\n\t\t\t\t<div class=\"elementor-widget-container\">\n\t\t\t\t\t\t\t\t\t<p>Every standardized cleanliness analysis consists of three steps (see figure). First, the residual contaminant particles are extracted from the component surface using a liquid. In the second step, the liquid is filtered and the particles are collected onto a filter membrane. In the third and final step, the membrane is analyzed to determine the mass, number, size and type of particles.<\/p>\t\t\t\t\t\t\t\t<\/div>\n\t\t\t\t<\/div>\n\t\t\t\t<div class=\"elementor-element elementor-element-56926fbf elementor-widget elementor-widget-image\" data-id=\"56926fbf\" data-element_type=\"widget\" data-e-type=\"widget\" data-widget_type=\"image.default\">\n\t\t\t\t<div class=\"elementor-widget-container\">\n\t\t\t\t\t\t\t\t\t\t\t\t\t\t\t<img decoding=\"async\" src=\"https:\/\/www.rjl-microanalytic.de\/wp-content\/uploads\/Schema-der-Sauberkeitsanalyse-VDA-19.jpg\" title=\"Scheme-of-cleanliness-analysis-VDA-19\" alt=\"Schema-der-Sauberkeitsanalyse-VDA-19\" loading=\"lazy\" \/>\t\t\t\t\t\t\t\t\t\t\t\t\t\t\t<\/div>\n\t\t\t\t<\/div>\n\t\t\t\t<div class=\"elementor-element elementor-element-874bc24 elementor-widget elementor-widget-text-editor\" data-id=\"874bc24\" data-element_type=\"widget\" data-e-type=\"widget\" data-widget_type=\"text-editor.default\">\n\t\t\t\t<div class=\"elementor-widget-container\">\n\t\t\t\t\t\t\t\t\t<p><em>Technical cleanliness analysis in three steps according to VDA-19.1 and ISO-16232<\/em><\/p>\t\t\t\t\t\t\t\t<\/div>\n\t\t\t\t<\/div>\n\t\t\t\t<div class=\"elementor-element elementor-element-63baa68 elementor-widget-divider--view-line elementor-widget elementor-widget-divider\" data-id=\"63baa68\" data-element_type=\"widget\" data-e-type=\"widget\" data-widget_type=\"divider.default\">\n\t\t\t\t<div class=\"elementor-widget-container\">\n\t\t\t\t\t\t\t<div class=\"elementor-divider\">\n\t\t\t<span class=\"elementor-divider-separator\">\n\t\t\t\t\t\t<\/span>\n\t\t<\/div>\n\t\t\t\t\t\t<\/div>\n\t\t\t\t<\/div>\n\t\t\t\t<section class=\"elementor-section elementor-inner-section elementor-element elementor-element-fbcec9d elementor-section-full_width elementor-section-height-default elementor-section-height-default\" data-id=\"fbcec9d\" data-element_type=\"section\" data-e-type=\"section\">\n\t\t\t\t\t\t<div class=\"elementor-container elementor-column-gap-default\">\n\t\t\t\t\t<div class=\"elementor-column elementor-col-50 elementor-inner-column elementor-element elementor-element-cae5ae8\" data-id=\"cae5ae8\" data-element_type=\"column\" data-e-type=\"column\">\n\t\t\t<div class=\"elementor-widget-wrap elementor-element-populated\">\n\t\t\t\t\t\t<div class=\"elementor-element elementor-element-6435e63 elementor-view-default elementor-widget elementor-widget-icon\" data-id=\"6435e63\" data-element_type=\"widget\" data-e-type=\"widget\" data-widget_type=\"icon.default\">\n\t\t\t\t<div class=\"elementor-widget-container\">\n\t\t\t\t\t\t\t<div class=\"elementor-icon-wrapper\">\n\t\t\t<a class=\"elementor-icon\" href=\"\/en\/restschmutzanalyse-technische-sauberkeit-vda-19-iso-16232\/seminar-vda-19-iso-16232\/restschmutzanalyse-mittels-sem-edx\/\">\n\t\t\t<i aria-hidden=\"true\" class=\"fas fa-chevron-left\"><\/i>\t\t\t<\/a>\n\t\t<\/div>\n\t\t\t\t\t\t<\/div>\n\t\t\t\t<\/div>\n\t\t\t\t\t<\/div>\n\t\t<\/div>\n\t\t\t\t<div class=\"elementor-column elementor-col-50 elementor-inner-column elementor-element elementor-element-9b6a7fe\" data-id=\"9b6a7fe\" data-element_type=\"column\" data-e-type=\"column\">\n\t\t\t<div class=\"elementor-widget-wrap elementor-element-populated\">\n\t\t\t\t\t\t<div class=\"elementor-element elementor-element-1c11a95 elementor-view-default elementor-widget elementor-widget-icon\" data-id=\"1c11a95\" data-element_type=\"widget\" data-e-type=\"widget\" data-widget_type=\"icon.default\">\n\t\t\t\t<div class=\"elementor-widget-container\">\n\t\t\t\t\t\t\t<div class=\"elementor-icon-wrapper\">\n\t\t\t<a class=\"elementor-icon\" href=\"\/en\/restschmutzanalyse-technische-sauberkeit-vda-19-iso-16232\/seminar-vda-19-iso-16232\/partikelextraktion-von-der-bauteiloberflaeche\/\">\n\t\t\t<i aria-hidden=\"true\" class=\"fas fa-chevron-right\"><\/i>\t\t\t<\/a>\n\t\t<\/div>\n\t\t\t\t\t\t<\/div>\n\t\t\t\t<\/div>\n\t\t\t\t\t<\/div>\n\t\t<\/div>\n\t\t\t\t\t<\/div>\n\t\t<\/section>\n\t\t\t\t\t<\/div>\n\t\t<\/div>\n\t\t\t\t<div class=\"elementor-column elementor-col-50 elementor-top-column elementor-element elementor-element-37e842fd\" data-id=\"37e842fd\" data-element_type=\"column\" data-e-type=\"column\" data-settings=\"{&quot;background_background&quot;:&quot;classic&quot;}\">\n\t\t\t<div class=\"elementor-widget-wrap elementor-element-populated\">\n\t\t\t\t\t\t<div class=\"elementor-element elementor-element-a8b1d4c elementor-widget elementor-widget-global elementor-global-8181 elementor-widget-toggle\" data-id=\"a8b1d4c\" data-element_type=\"widget\" data-e-type=\"widget\" data-widget_type=\"toggle.default\">\n\t\t\t\t<div class=\"elementor-widget-container\">\n\t\t\t\t\t\t\t<div class=\"elementor-toggle\">\n\t\t\t\t\t\t\t<div class=\"elementor-toggle-item\">\n\t\t\t\t\t<h3 id=\"elementor-tab-title-1761\" class=\"elementor-tab-title\" data-tab=\"1\" role=\"button\" aria-controls=\"elementor-tab-content-1761\" aria-expanded=\"false\">\n\t\t\t\t\t\t\t\t\t\t\t\t<span class=\"elementor-toggle-icon elementor-toggle-icon-right\" aria-hidden=\"true\">\n\t\t\t\t\t\t\t\t\t\t\t\t\t\t\t<span class=\"elementor-toggle-icon-closed\"><i class=\"fas fa-chevron-down\"><\/i><\/span>\n\t\t\t\t\t\t\t\t<span class=\"elementor-toggle-icon-opened\"><i class=\"elementor-toggle-icon-opened fas fa-chevron-up\"><\/i><\/span>\n\t\t\t\t\t\t\t\t\t\t\t\t\t<\/span>\n\t\t\t\t\t\t\t\t\t\t\t\t<a class=\"elementor-toggle-title\" tabindex=\"0\">Navigator<\/a>\n\t\t\t\t\t<\/h3>\n\n\t\t\t\t\t<div id=\"elementor-tab-content-1761\" class=\"elementor-tab-content elementor-clearfix\" data-tab=\"1\" role=\"region\" aria-labelledby=\"elementor-tab-title-1761\"><p>\t\t<div data-elementor-type=\"section\" data-elementor-id=\"7942\" class=\"elementor elementor-7942\" data-elementor-post-type=\"elementor_library\">\n\t\t\t\t\t<section class=\"elementor-section elementor-top-section elementor-element elementor-element-47a631bc elementor-section-boxed elementor-section-height-default elementor-section-height-default\" data-id=\"47a631bc\" data-element_type=\"section\" data-e-type=\"section\">\n\t\t\t\t\t\t<div class=\"elementor-container elementor-column-gap-default\">\n\t\t\t\t\t<div class=\"elementor-column elementor-col-100 elementor-top-column elementor-element elementor-element-385db134\" data-id=\"385db134\" data-element_type=\"column\" data-e-type=\"column\">\n\t\t\t<div class=\"elementor-widget-wrap elementor-element-populated\">\n\t\t\t\t\t\t<div class=\"elementor-element elementor-element-84ac752 elementor-widget elementor-widget-heading\" data-id=\"84ac752\" data-element_type=\"widget\" data-e-type=\"widget\" data-widget_type=\"heading.default\">\n\t\t\t\t<div class=\"elementor-widget-container\">\n\t\t\t\t\t<h2 class=\"elementor-heading-title elementor-size-default\">Online Basic Course<\/h2>\t\t\t\t<\/div>\n\t\t\t\t<\/div>\n\t\t\t\t<div class=\"elementor-element elementor-element-507b831 elementor-nav-menu__align-start elementor-nav-menu--dropdown-none elementor-widget elementor-widget-nav-menu\" data-id=\"507b831\" data-element_type=\"widget\" data-e-type=\"widget\" data-settings=\"{&quot;layout&quot;:&quot;vertical&quot;,&quot;submenu_icon&quot;:{&quot;value&quot;:&quot;&lt;i class=\\&quot;fas fa-caret-down\\&quot; aria-hidden=\\&quot;true\\&quot;&gt;&lt;\\\/i&gt;&quot;,&quot;library&quot;:&quot;fa-solid&quot;}}\" data-widget_type=\"nav-menu.default\">\n\t\t\t\t<div class=\"elementor-widget-container\">\n\t\t\t\t\t\t\t\t<nav aria-label=\"Menu\" class=\"elementor-nav-menu--main elementor-nav-menu__container elementor-nav-menu--layout-vertical e--pointer-none\">\n\t\t\t\t<ul id=\"menu-1-507b831\" class=\"elementor-nav-menu sm-vertical\"><li class=\"menu-item menu-item-type-post_type menu-item-object-page menu-item-7018\"><a href=\"https:\/\/www.rjl-microanalytic.de\/en\/restschmutzanalyse-technische-sauberkeit-vda-19-iso-16232\/seminar-vda-19-iso-16232\/standardisierte-analyse-der-bauteilsauberkeit\/\" class=\"elementor-item\">(1) Standardized Analysis of Component Cleanliness<\/a><\/li>\n<li class=\"menu-item menu-item-type-post_type menu-item-object-page menu-item-7013\"><a href=\"https:\/\/www.rjl-microanalytic.de\/en\/restschmutzanalyse-technische-sauberkeit-vda-19-iso-16232\/seminar-vda-19-iso-16232\/partikelextraktion-von-der-bauteiloberflaeche\/\" class=\"elementor-item\">(2) Particle Extraction from Component Surface<\/a><\/li>\n<li class=\"menu-item menu-item-type-post_type menu-item-object-page menu-item-7009\"><a href=\"https:\/\/www.rjl-microanalytic.de\/en\/restschmutzanalyse-technische-sauberkeit-vda-19-iso-16232\/seminar-vda-19-iso-16232\/filtration-der-restschmutzpartikel\/\" class=\"elementor-item\">(3) Filtration of the Residual Particles<\/a><\/li>\n<li class=\"menu-item menu-item-type-post_type menu-item-object-page menu-item-7011\"><a href=\"https:\/\/www.rjl-microanalytic.de\/en\/restschmutzanalyse-technische-sauberkeit-vda-19-iso-16232\/seminar-vda-19-iso-16232\/ausruestung-fur-partikelextraktion-und-filtration\/\" class=\"elementor-item\">(4) Equipment for Extraction and Filtration<\/a><\/li>\n<li class=\"menu-item menu-item-type-post_type menu-item-object-page menu-item-7010\"><a href=\"https:\/\/www.rjl-microanalytic.de\/en\/restschmutzanalyse-technische-sauberkeit-vda-19-iso-16232\/seminar-vda-19-iso-16232\/gravimetrische-analyse-der-partikelmasse\/\" class=\"elementor-item\">(5) Gravimetric Analysis of Particle Mass<\/a><\/li>\n<li class=\"menu-item menu-item-type-post_type menu-item-object-page menu-item-7014\"><a href=\"https:\/\/www.rjl-microanalytic.de\/en\/restschmutzanalyse-technische-sauberkeit-vda-19-iso-16232\/seminar-vda-19-iso-16232\/scanner-und-mikroskop-fur-vda-19-standardanalyse\/\" class=\"elementor-item\">(6) Scanner and Microscope for Standardized Analysis<\/a><\/li>\n<li class=\"menu-item menu-item-type-post_type menu-item-object-page menu-item-7017\"><a href=\"https:\/\/www.rjl-microanalytic.de\/en\/restschmutzanalyse-technische-sauberkeit-vda-19-iso-16232\/seminar-vda-19-iso-16232\/optische-analyse-von-restschmutzpartikeln\/\" class=\"elementor-item\">(7) Optical Analysis of Residual Contaminant Particles<\/a><\/li>\n<li class=\"menu-item menu-item-type-post_type menu-item-object-page menu-item-7012\"><a href=\"https:\/\/www.rjl-microanalytic.de\/en\/restschmutzanalyse-technische-sauberkeit-vda-19-iso-16232\/seminar-vda-19-iso-16232\/restschmutzpartikelanalyse-ab-50-mikrometern\/\" class=\"elementor-item\">(8) Particle Analysis from 50 Microns<\/a><\/li>\n<li class=\"menu-item menu-item-type-post_type menu-item-object-page menu-item-7015\"><a href=\"https:\/\/www.rjl-microanalytic.de\/en\/restschmutzanalyse-technische-sauberkeit-vda-19-iso-16232\/seminar-vda-19-iso-16232\/partikelgroessenverteilung-technische-sauberkeit\/\" class=\"elementor-item\">(9) Presentation of Particle Cleanliness<\/a><\/li>\n<li class=\"menu-item menu-item-type-post_type menu-item-object-page menu-item-7016\"><a href=\"https:\/\/www.rjl-microanalytic.de\/en\/restschmutzanalyse-technische-sauberkeit-vda-19-iso-16232\/seminar-vda-19-iso-16232\/restschmutzanalyse-mittels-sem-edx\/\" class=\"elementor-item\">(10) Residual Contaminant Analysis Using SEM-EDX<\/a><\/li>\n<\/ul>\t\t\t<\/nav>\n\t\t\t\t\t\t<nav class=\"elementor-nav-menu--dropdown elementor-nav-menu__container\" aria-hidden=\"true\">\n\t\t\t\t<ul id=\"menu-2-507b831\" class=\"elementor-nav-menu sm-vertical\"><li class=\"menu-item menu-item-type-post_type menu-item-object-page menu-item-7018\"><a href=\"https:\/\/www.rjl-microanalytic.de\/en\/restschmutzanalyse-technische-sauberkeit-vda-19-iso-16232\/seminar-vda-19-iso-16232\/standardisierte-analyse-der-bauteilsauberkeit\/\" class=\"elementor-item\" tabindex=\"-1\">(1) Standardized Analysis of Component Cleanliness<\/a><\/li>\n<li class=\"menu-item menu-item-type-post_type menu-item-object-page menu-item-7013\"><a href=\"https:\/\/www.rjl-microanalytic.de\/en\/restschmutzanalyse-technische-sauberkeit-vda-19-iso-16232\/seminar-vda-19-iso-16232\/partikelextraktion-von-der-bauteiloberflaeche\/\" class=\"elementor-item\" tabindex=\"-1\">(2) Particle Extraction from Component Surface<\/a><\/li>\n<li class=\"menu-item menu-item-type-post_type menu-item-object-page menu-item-7009\"><a href=\"https:\/\/www.rjl-microanalytic.de\/en\/restschmutzanalyse-technische-sauberkeit-vda-19-iso-16232\/seminar-vda-19-iso-16232\/filtration-der-restschmutzpartikel\/\" class=\"elementor-item\" tabindex=\"-1\">(3) Filtration of the Residual Particles<\/a><\/li>\n<li class=\"menu-item menu-item-type-post_type menu-item-object-page menu-item-7011\"><a href=\"https:\/\/www.rjl-microanalytic.de\/en\/restschmutzanalyse-technische-sauberkeit-vda-19-iso-16232\/seminar-vda-19-iso-16232\/ausruestung-fur-partikelextraktion-und-filtration\/\" class=\"elementor-item\" tabindex=\"-1\">(4) Equipment for Extraction and Filtration<\/a><\/li>\n<li class=\"menu-item menu-item-type-post_type menu-item-object-page menu-item-7010\"><a href=\"https:\/\/www.rjl-microanalytic.de\/en\/restschmutzanalyse-technische-sauberkeit-vda-19-iso-16232\/seminar-vda-19-iso-16232\/gravimetrische-analyse-der-partikelmasse\/\" class=\"elementor-item\" tabindex=\"-1\">(5) Gravimetric Analysis of Particle Mass<\/a><\/li>\n<li class=\"menu-item menu-item-type-post_type menu-item-object-page menu-item-7014\"><a href=\"https:\/\/www.rjl-microanalytic.de\/en\/restschmutzanalyse-technische-sauberkeit-vda-19-iso-16232\/seminar-vda-19-iso-16232\/scanner-und-mikroskop-fur-vda-19-standardanalyse\/\" class=\"elementor-item\" tabindex=\"-1\">(6) Scanner and Microscope for Standardized Analysis<\/a><\/li>\n<li class=\"menu-item menu-item-type-post_type menu-item-object-page menu-item-7017\"><a href=\"https:\/\/www.rjl-microanalytic.de\/en\/restschmutzanalyse-technische-sauberkeit-vda-19-iso-16232\/seminar-vda-19-iso-16232\/optische-analyse-von-restschmutzpartikeln\/\" class=\"elementor-item\" tabindex=\"-1\">(7) Optical Analysis of Residual Contaminant Particles<\/a><\/li>\n<li class=\"menu-item menu-item-type-post_type menu-item-object-page menu-item-7012\"><a href=\"https:\/\/www.rjl-microanalytic.de\/en\/restschmutzanalyse-technische-sauberkeit-vda-19-iso-16232\/seminar-vda-19-iso-16232\/restschmutzpartikelanalyse-ab-50-mikrometern\/\" class=\"elementor-item\" tabindex=\"-1\">(8) Particle Analysis from 50 Microns<\/a><\/li>\n<li class=\"menu-item menu-item-type-post_type menu-item-object-page menu-item-7015\"><a href=\"https:\/\/www.rjl-microanalytic.de\/en\/restschmutzanalyse-technische-sauberkeit-vda-19-iso-16232\/seminar-vda-19-iso-16232\/partikelgroessenverteilung-technische-sauberkeit\/\" class=\"elementor-item\" tabindex=\"-1\">(9) Presentation of Particle Cleanliness<\/a><\/li>\n<li class=\"menu-item menu-item-type-post_type menu-item-object-page menu-item-7016\"><a href=\"https:\/\/www.rjl-microanalytic.de\/en\/restschmutzanalyse-technische-sauberkeit-vda-19-iso-16232\/seminar-vda-19-iso-16232\/restschmutzanalyse-mittels-sem-edx\/\" class=\"elementor-item\" tabindex=\"-1\">(10) Residual Contaminant Analysis Using SEM-EDX<\/a><\/li>\n<\/ul>\t\t\t<\/nav>\n\t\t\t\t\t\t<\/div>\n\t\t\t\t<\/div>\n\t\t\t\t\t<\/div>\n\t\t<\/div>\n\t\t\t\t\t<\/div>\n\t\t<\/section>\n\t\t\t\t<\/div>\n\t\t<\/p><\/div>\n\t\t\t\t<\/div>\n\t\t\t\t\t\t\t<div class=\"elementor-toggle-item\">\n\t\t\t\t\t<h3 id=\"elementor-tab-title-1762\" class=\"elementor-tab-title\" data-tab=\"2\" role=\"button\" aria-controls=\"elementor-tab-content-1762\" aria-expanded=\"false\">\n\t\t\t\t\t\t\t\t\t\t\t\t<span class=\"elementor-toggle-icon elementor-toggle-icon-right\" aria-hidden=\"true\">\n\t\t\t\t\t\t\t\t\t\t\t\t\t\t\t<span class=\"elementor-toggle-icon-closed\"><i class=\"fas fa-chevron-down\"><\/i><\/span>\n\t\t\t\t\t\t\t\t<span class=\"elementor-toggle-icon-opened\"><i class=\"elementor-toggle-icon-opened fas fa-chevron-up\"><\/i><\/span>\n\t\t\t\t\t\t\t\t\t\t\t\t\t<\/span>\n\t\t\t\t\t\t\t\t\t\t\t\t<a class=\"elementor-toggle-title\" tabindex=\"0\">Products &amp; Services<\/a>\n\t\t\t\t\t<\/h3>\n\n\t\t\t\t\t<div id=\"elementor-tab-content-1762\" class=\"elementor-tab-content elementor-clearfix\" data-tab=\"2\" role=\"region\" aria-labelledby=\"elementor-tab-title-1762\"><p>\t\t<div data-elementor-type=\"section\" data-elementor-id=\"4502\" class=\"elementor elementor-4502\" data-elementor-post-type=\"elementor_library\">\n\t\t\t\t\t<section class=\"elementor-section elementor-top-section elementor-element elementor-element-1218c073 elementor-section-boxed elementor-section-height-default elementor-section-height-default\" data-id=\"1218c073\" data-element_type=\"section\" data-e-type=\"section\">\n\t\t\t\t\t\t<div class=\"elementor-container elementor-column-gap-default\">\n\t\t\t\t\t<div class=\"elementor-column elementor-col-100 elementor-top-column elementor-element elementor-element-5c624a5c\" data-id=\"5c624a5c\" data-element_type=\"column\" data-e-type=\"column\">\n\t\t\t<div class=\"elementor-widget-wrap elementor-element-populated\">\n\t\t\t\t\t\t<div class=\"elementor-element elementor-element-5df76093 elementor-icon-list--layout-traditional elementor-list-item-link-full_width elementor-widget elementor-widget-icon-list\" data-id=\"5df76093\" data-element_type=\"widget\" data-e-type=\"widget\" data-widget_type=\"icon-list.default\">\n\t\t\t\t<div class=\"elementor-widget-container\">\n\t\t\t\t\t\t\t<ul class=\"elementor-icon-list-items\">\n\t\t\t\t\t\t\t<li class=\"elementor-icon-list-item\">\n\t\t\t\t\t\t\t\t\t\t\t<a href=\"\/en\/instrumente\/microquick-partikelscanner-technische-sauberkeit\/\">\n\n\t\t\t\t\t\t\t\t\t\t\t\t<span class=\"elementor-icon-list-icon\">\n\t\t\t\t\t\t\t<i aria-hidden=\"true\" class=\"fas fa-info-circle\"><\/i>\t\t\t\t\t\t<\/span>\n\t\t\t\t\t\t\t\t\t\t<span class=\"elementor-icon-list-text\">MicroQuick Particle Scanner for Filter Analysis<\/span>\n\t\t\t\t\t\t\t\t\t\t\t<\/a>\n\t\t\t\t\t\t\t\t\t<\/li>\n\t\t\t\t\t\t\t\t<li class=\"elementor-icon-list-item\">\n\t\t\t\t\t\t\t\t\t\t\t<a href=\"\/en\/instrumente\/aspex-explorer-sem-edx-partikelanalyser\/\">\n\n\t\t\t\t\t\t\t\t\t\t\t\t<span class=\"elementor-icon-list-icon\">\n\t\t\t\t\t\t\t<i aria-hidden=\"true\" class=\"fas fa-info-circle\"><\/i>\t\t\t\t\t\t<\/span>\n\t\t\t\t\t\t\t\t\t\t<span class=\"elementor-icon-list-text\">SEM-EDX Particle Analyzer for Material Typing<\/span>\n\t\t\t\t\t\t\t\t\t\t\t<\/a>\n\t\t\t\t\t\t\t\t\t<\/li>\n\t\t\t\t\t\t\t\t<li class=\"elementor-icon-list-item\">\n\t\t\t\t\t\t\t\t\t\t\t<a href=\"\/en\/restschmutzanalyse-technische-sauberkeit-vda-19-iso-16232\/microex-partikelextraktion\/\">\n\n\t\t\t\t\t\t\t\t\t\t\t\t<span class=\"elementor-icon-list-icon\">\n\t\t\t\t\t\t\t<i aria-hidden=\"true\" class=\"fas fa-info-circle\"><\/i>\t\t\t\t\t\t<\/span>\n\t\t\t\t\t\t\t\t\t\t<span class=\"elementor-icon-list-text\">MicroEx System for Residual Contaminant Extraction<\/span>\n\t\t\t\t\t\t\t\t\t\t\t<\/a>\n\t\t\t\t\t\t\t\t\t<\/li>\n\t\t\t\t\t\t\t\t<li class=\"elementor-icon-list-item\">\n\t\t\t\t\t\t\t\t\t\t\t<a href=\"\/en\/instrumente\/microquick-partikelscanner-technische-sauberkeit\/\">\n\n\t\t\t\t\t\t\t\t\t\t\t\t<span class=\"elementor-icon-list-icon\">\n\t\t\t\t\t\t\t<i aria-hidden=\"true\" class=\"fas fa-info-circle\"><\/i>\t\t\t\t\t\t<\/span>\n\t\t\t\t\t\t\t\t\t\t<span class=\"elementor-icon-list-text\">MicroQuick Particle Scanner for Cleanliness Analysis<\/span>\n\t\t\t\t\t\t\t\t\t\t\t<\/a>\n\t\t\t\t\t\t\t\t\t<\/li>\n\t\t\t\t\t\t\t\t<li class=\"elementor-icon-list-item\">\n\t\t\t\t\t\t\t\t\t\t\t<a href=\"\/en\/analysenservice-mit-iso-17025-akkreditierung\/\">\n\n\t\t\t\t\t\t\t\t\t\t\t\t<span class=\"elementor-icon-list-icon\">\n\t\t\t\t\t\t\t<i aria-hidden=\"true\" class=\"fas fa-info-circle\"><\/i>\t\t\t\t\t\t<\/span>\n\t\t\t\t\t\t\t\t\t\t<span class=\"elementor-icon-list-text\"> Cleanliness Analyzes with Accreditation<\/span>\n\t\t\t\t\t\t\t\t\t\t\t<\/a>\n\t\t\t\t\t\t\t\t\t<\/li>\n\t\t\t\t\t\t<\/ul>\n\t\t\t\t\t\t<\/div>\n\t\t\t\t<\/div>\n\t\t\t\t\t<\/div>\n\t\t<\/div>\n\t\t\t\t\t<\/div>\n\t\t<\/section>\n\t\t\t\t<\/div>\n\t\t<\/p><\/div>\n\t\t\t\t<\/div>\n\t\t\t\t\t\t\t\t<\/div>\n\t\t\t\t\t\t<\/div>\n\t\t\t\t<\/div>\n\t\t\t\t\t<\/div>\n\t\t<\/div>\n\t\t\t\t\t<\/div>\n\t\t<\/section>\n\t\t\t\t<section class=\"elementor-section elementor-top-section elementor-element elementor-element-a35a55f elementor-section-boxed elementor-section-height-default elementor-section-height-default\" data-id=\"a35a55f\" data-element_type=\"section\" data-e-type=\"section\">\n\t\t\t\t\t\t<div class=\"elementor-container elementor-column-gap-default\">\n\t\t\t\t\t<div class=\"elementor-column elementor-col-100 elementor-top-column elementor-element elementor-element-785ffac\" data-id=\"785ffac\" data-element_type=\"column\" data-e-type=\"column\">\n\t\t\t<div class=\"elementor-widget-wrap\">\n\t\t\t\t\t\t\t<\/div>\n\t\t<\/div>\n\t\t\t\t\t<\/div>\n\t\t<\/section>\n\t\t\t\t<\/div>","protected":false},"excerpt":{"rendered":"<p>ONLINE-BASISKURS Sauberkeitsanalyse nach VDA 19.1 &#038; ISO-16232 Teil 1 Standardisierte Analyse der Bauteilsauberkeit Jede normgerechte Sauberkeitsanalyse besteht aus drei Schritten (siehe Abbildung). Zun\u00e4chst werden die Restschmutzpartikel mithilfe einer Fl\u00fcssigkeit von der Bauteiloberfl\u00e4che extrahiert. Im zweiten Schritt wird die Fl\u00fcssigkeit gefiltert und die Partikel werden auf eine Filtermembrane appliziert. Im dritten und letzten Schritt wird die [&hellip;]<\/p>\n","protected":false},"author":1,"featured_media":0,"parent":1192,"menu_order":0,"comment_status":"closed","ping_status":"closed","template":"","meta":{"footnotes":""},"class_list":["post-1311","page","type-page","status-publish","hentry"],"aioseo_notices":[],"_links":{"self":[{"href":"https:\/\/www.rjl-microanalytic.de\/en\/wp-json\/wp\/v2\/pages\/1311","targetHints":{"allow":["GET"]}}],"collection":[{"href":"https:\/\/www.rjl-microanalytic.de\/en\/wp-json\/wp\/v2\/pages"}],"about":[{"href":"https:\/\/www.rjl-microanalytic.de\/en\/wp-json\/wp\/v2\/types\/page"}],"author":[{"embeddable":true,"href":"https:\/\/www.rjl-microanalytic.de\/en\/wp-json\/wp\/v2\/users\/1"}],"replies":[{"embeddable":true,"href":"https:\/\/www.rjl-microanalytic.de\/en\/wp-json\/wp\/v2\/comments?post=1311"}],"version-history":[{"count":72,"href":"https:\/\/www.rjl-microanalytic.de\/en\/wp-json\/wp\/v2\/pages\/1311\/revisions"}],"predecessor-version":[{"id":12283,"href":"https:\/\/www.rjl-microanalytic.de\/en\/wp-json\/wp\/v2\/pages\/1311\/revisions\/12283"}],"up":[{"embeddable":true,"href":"https:\/\/www.rjl-microanalytic.de\/en\/wp-json\/wp\/v2\/pages\/1192"}],"wp:attachment":[{"href":"https:\/\/www.rjl-microanalytic.de\/en\/wp-json\/wp\/v2\/media?parent=1311"}],"curies":[{"name":"wp","href":"https:\/\/api.w.org\/{rel}","templated":true}]}}